{"id":642,"date":"2023-03-06T11:55:53","date_gmt":"2023-03-06T16:55:53","guid":{"rendered":"https:\/\/gstsstg.wpenginepowered.com\/?page_id=642"},"modified":"2023-07-21T12:01:26","modified_gmt":"2023-07-21T16:01:26","slug":"politique-daccessibilite","status":"publish","type":"page","link":"https:\/\/gsts.ca\/fr\/resources\/accessibility-policy\/","title":{"rendered":"Politique d\u2019Accessibilit\u00e9"},"content":{"rendered":"<pre>Derni\u00e8re mise \u00e0 jour: 1er mars 2023<\/pre>\n<p>Politique d\u2019Accessibilit\u00e9 con\u00e7ue et mise en oeuvre par Global Spatial Technology Solutions Inc. (ci-apr\u00e8s, \u201cGSTS\u201d).<\/p>\n<h4>CONFORMIT\u00c9<\/h4>\n<p>Les Lignes Directrices Applicables en Mati\u00e8re d\u2019Accessibilit\u00e9 de Contenu Internet (Web Content Accessibility Guidelines, ou \u201cWCAG\u201d) d\u00e9finissent certaines exigences que les concepteurs et les promoteurs de ressources en ligne doivent satisfaire en vue d\u2019am\u00e9liorer l\u2019acc\u00e8s offert aux personnes souffrant d\u2019un handicap. De fait, les WCAG \u00e9tablissent trois (3) niveaux de conformit\u00e9, soient A, AA et AAA. Le site web de GSTS, qui se trouve \u00e0 l\u2019adresse www.gsts.wpenginepowered.com (ci-apr\u00e8s, le \u201cSite Web\u201d), se conforme en partie aux exigences WCAG 2.1 de niveau AA \u2013 ce qui, en pratique, signifie qu\u2019une certaine portion de son contenu n\u2019est pas encore totalement adapt\u00e9e aux normes d\u2019accessibilit\u00e9 applicables.<\/p>\n<h4>R\u00c9TROACTION<\/h4>\n<p>Nous accueillerons avec plaisir toutes les remarques, suggestions et\/ou recommandations que vous pourriez formuler au sujet de l\u2019accessibilit\u00e9 du Site Web. N\u2019h\u00e9sitez donc \u00e0 nous faire part de tout(e) obstacle ou entrave \u00e0 l\u2019accessibilit\u00e9.<\/p>\n<ul>\n<li>Par t\u00e9l\u00e9phone: 1 (902) 442-4652<\/li>\n<li>Par courrier \u00e9lectronique: marketing@gsts.ca<\/li>\n<li>Par la poste:\tGlobal Spatial Technology Solutions Inc. 1 Research Drive, Dartmouth (Nova Scotia) B2Y 4M9\nCanada<\/li>\n<\/ul>\n<h4>PARTICULARIT\u00c9S DE NATURE TECHNIQUE<\/h4>\n<p>L\u2019accessibilit\u00e9 du Site Web passe d\u2019abord et avant tout par une saine interaction des ressources technologiques ci-dessous avec le navigateur Internet, les modules externes (plug-ins) et les dispositifs de soutien ou d\u2019assistance que votre syst\u00e8me informatique utilise.<\/p>\n<ul>\n<li>HTML<\/li>\n<li>CSS<\/li>\n<li>JavaScript<\/li>\n<li>SMIL<\/li>\n<\/ul>\n<p>GSTS s\u2019en remet \u00e0 de telles ressources technologiques en vue d\u2019assurer une conformit\u00e9 de tous les instants aux normes applicables en mati\u00e8re d\u2019accessibilit\u00e9.<\/p>\n<h4>M\u00c9THODE RETENUE<\/h4>\n<p>GSTS a analys\u00e9 l\u2019accessibilit\u00e9 du Site Web au moyen d\u2019un processus d\u2019auto-\u00e9valuation.<\/p>","protected":false},"excerpt":{"rendered":"<p>Last updated: March 1, 2023 This is an accessibility policy of Global Spatial Technology Solutions Inc. (\u201cGSTS\u201d). CONFORMANCE STATUS The Web Content Accessibility Guidelines (\u201cWCAG\u201d) define requirements for designers and developers to improve accessibility for persons with disabilities. WCAG defines three levels of conformance: Level A, Level AA, and Level AAA. GSTS\u2019s website at gsts.wpenginepowered.com [&hellip;]<\/p>\n","protected":false},"author":19,"featured_media":661,"parent":238,"menu_order":0,"comment_status":"closed","ping_status":"closed","template":"","meta":{"_acf_changed":false,"inline_featured_image":false,"footnotes":""},"class_list":["post-642","page","type-page","status-publish","has-post-thumbnail","hentry"],"acf":[],"yoast_head":"<!-- This site is optimized with the Yoast SEO plugin v27.3 - https:\/\/yoast.com\/product\/yoast-seo-wordpress\/ -->\n<title>Accessibility Policy - GSTS<\/title>\n<meta name=\"description\" content=\"This is an accessibility policy of Global Spatial Technology Solutions Inc. (\u201cGSTS\u201d).\" \/>\n<meta name=\"robots\" content=\"index, follow, max-snippet:-1, max-image-preview:large, max-video-preview:-1\" \/>\n<link rel=\"canonical\" href=\"https:\/\/gsts.ca\/fr\/ressources\/politique-daccessibilite\/\" \/>\n<meta property=\"og:locale\" content=\"fr_CA\" \/>\n<meta property=\"og:type\" content=\"article\" \/>\n<meta property=\"og:title\" content=\"Accessibility Policy - GSTS\" \/>\n<meta property=\"og:description\" content=\"This is an accessibility policy of Global Spatial Technology Solutions Inc. (\u201cGSTS\u201d).\" \/>\n<meta property=\"og:url\" content=\"https:\/\/gsts.ca\/fr\/ressources\/politique-daccessibilite\/\" \/>\n<meta property=\"og:site_name\" content=\"GSTS\" \/>\n<meta property=\"article:modified_time\" content=\"2023-07-21T16:01:26+00:00\" \/>\n<meta property=\"og:image\" content=\"https:\/\/gsts.ca\/wp-content\/uploads\/2023\/03\/GSTS_Social-Logo.jpg\" \/>\n\t<meta property=\"og:image:width\" content=\"256\" \/>\n\t<meta property=\"og:image:height\" content=\"256\" \/>\n\t<meta property=\"og:image:type\" content=\"image\/jpeg\" \/>\n<meta name=\"twitter:card\" content=\"summary_large_image\" \/>\n<meta name=\"twitter:label1\" content=\"Est. reading time\" \/>\n\t<meta name=\"twitter:data1\" content=\"1 minute\" \/>\n<script type=\"application\/ld+json\" class=\"yoast-schema-graph\">{\"@context\":\"https:\\\/\\\/schema.org\",\"@graph\":[{\"@type\":\"WebPage\",\"@id\":\"https:\\\/\\\/gsts.ca\\\/resources\\\/accessibility-policy\\\/\",\"url\":\"https:\\\/\\\/gsts.ca\\\/resources\\\/accessibility-policy\\\/\",\"name\":\"Accessibility Policy - GSTS\",\"isPartOf\":{\"@id\":\"https:\\\/\\\/gsts.ca\\\/#website\"},\"primaryImageOfPage\":{\"@id\":\"https:\\\/\\\/gsts.ca\\\/resources\\\/accessibility-policy\\\/#primaryimage\"},\"image\":{\"@id\":\"https:\\\/\\\/gsts.ca\\\/resources\\\/accessibility-policy\\\/#primaryimage\"},\"thumbnailUrl\":\"https:\\\/\\\/gsts.ca\\\/wp-content\\\/uploads\\\/2023\\\/03\\\/GSTS_Social-Logo.jpg\",\"datePublished\":\"2023-03-06T16:55:53+00:00\",\"dateModified\":\"2023-07-21T16:01:26+00:00\",\"description\":\"This is an accessibility policy of Global Spatial Technology Solutions Inc. (\u201cGSTS\u201d).\",\"breadcrumb\":{\"@id\":\"https:\\\/\\\/gsts.ca\\\/resources\\\/accessibility-policy\\\/#breadcrumb\"},\"inLanguage\":\"fr-CA\",\"potentialAction\":[{\"@type\":\"ReadAction\",\"target\":[\"https:\\\/\\\/gsts.ca\\\/resources\\\/accessibility-policy\\\/\"]}]},{\"@type\":\"ImageObject\",\"inLanguage\":\"fr-CA\",\"@id\":\"https:\\\/\\\/gsts.ca\\\/resources\\\/accessibility-policy\\\/#primaryimage\",\"url\":\"https:\\\/\\\/gsts.ca\\\/wp-content\\\/uploads\\\/2023\\\/03\\\/GSTS_Social-Logo.jpg\",\"contentUrl\":\"https:\\\/\\\/gsts.ca\\\/wp-content\\\/uploads\\\/2023\\\/03\\\/GSTS_Social-Logo.jpg\",\"width\":256,\"height\":256},{\"@type\":\"BreadcrumbList\",\"@id\":\"https:\\\/\\\/gsts.ca\\\/resources\\\/accessibility-policy\\\/#breadcrumb\",\"itemListElement\":[{\"@type\":\"ListItem\",\"position\":1,\"name\":\"Home\",\"item\":\"https:\\\/\\\/gsts.ca\\\/\"},{\"@type\":\"ListItem\",\"position\":2,\"name\":\"Resources\",\"item\":\"https:\\\/\\\/gsts.ca\\\/resources\\\/\"},{\"@type\":\"ListItem\",\"position\":3,\"name\":\"Accessibility Policy\"}]},{\"@type\":\"WebSite\",\"@id\":\"https:\\\/\\\/gsts.ca\\\/#website\",\"url\":\"https:\\\/\\\/gsts.ca\\\/\",\"name\":\"GSTS\",\"description\":\"Navigate Tomorrow Today\",\"publisher\":{\"@id\":\"https:\\\/\\\/gsts.ca\\\/#organization\"},\"potentialAction\":[{\"@type\":\"SearchAction\",\"target\":{\"@type\":\"EntryPoint\",\"urlTemplate\":\"https:\\\/\\\/gsts.ca\\\/?s={search_term_string}\"},\"query-input\":{\"@type\":\"PropertyValueSpecification\",\"valueRequired\":true,\"valueName\":\"search_term_string\"}}],\"inLanguage\":\"fr-CA\"},{\"@type\":\"Organization\",\"@id\":\"https:\\\/\\\/gsts.ca\\\/#organization\",\"name\":\"GSTS\",\"url\":\"https:\\\/\\\/gsts.ca\\\/\",\"logo\":{\"@type\":\"ImageObject\",\"inLanguage\":\"fr-CA\",\"@id\":\"https:\\\/\\\/gsts.ca\\\/#\\\/schema\\\/logo\\\/image\\\/\",\"url\":\"https:\\\/\\\/gsts.ca\\\/wp-content\\\/uploads\\\/2023\\\/01\\\/GSTS_tage_logo_RGB.jpg\",\"contentUrl\":\"https:\\\/\\\/gsts.ca\\\/wp-content\\\/uploads\\\/2023\\\/01\\\/GSTS_tage_logo_RGB.jpg\",\"width\":1500,\"height\":900,\"caption\":\"GSTS\"},\"image\":{\"@id\":\"https:\\\/\\\/gsts.ca\\\/#\\\/schema\\\/logo\\\/image\\\/\"}}]}<\/script>\n<!-- \/ Yoast SEO plugin. -->","yoast_head_json":{"title":"Politique d\u2019Accessibilit\u00e9 - GSTS","description":"Politique d\u2019Accessibilit\u00e9 con\u00e7ue et mise en oeuvre par Global Spatial Technology Solutions Inc. (ci-apr\u00e8s, \u201cGSTS\u201d).","robots":{"index":"index","follow":"follow","max-snippet":"max-snippet:-1","max-image-preview":"max-image-preview:large","max-video-preview":"max-video-preview:-1"},"canonical":"https:\/\/gsts.ca\/fr\/ressources\/politique-daccessibilite\/","og_locale":"fr_CA","og_type":"article","og_title":"Accessibility Policy - GSTS","og_description":"This is an accessibility policy of Global Spatial Technology Solutions Inc. (\u201cGSTS\u201d).","og_url":"https:\/\/gsts.ca\/fr\/ressources\/politique-daccessibilite\/","og_site_name":"GSTS","article_modified_time":"2023-07-21T16:01:26+00:00","og_image":[{"width":256,"height":256,"url":"https:\/\/gsts.ca\/wp-content\/uploads\/2023\/03\/GSTS_Social-Logo.jpg","type":"image\/jpeg"}],"twitter_card":"summary_large_image","twitter_misc":{"Est. reading time":"1 minute"},"schema":{"@context":"https:\/\/schema.org","@graph":[{"@type":"WebPage","@id":"https:\/\/gsts.ca\/resources\/accessibility-policy\/","url":"https:\/\/gsts.ca\/resources\/accessibility-policy\/","name":"Politique d\u2019Accessibilit\u00e9 - GSTS","isPartOf":{"@id":"https:\/\/gsts.ca\/#website"},"primaryImageOfPage":{"@id":"https:\/\/gsts.ca\/resources\/accessibility-policy\/#primaryimage"},"image":{"@id":"https:\/\/gsts.ca\/resources\/accessibility-policy\/#primaryimage"},"thumbnailUrl":"https:\/\/gsts.ca\/wp-content\/uploads\/2023\/03\/GSTS_Social-Logo.jpg","datePublished":"2023-03-06T16:55:53+00:00","dateModified":"2023-07-21T16:01:26+00:00","description":"Politique d\u2019Accessibilit\u00e9 con\u00e7ue et mise en oeuvre par Global Spatial Technology Solutions Inc. (ci-apr\u00e8s, \u201cGSTS\u201d).","breadcrumb":{"@id":"https:\/\/gsts.ca\/resources\/accessibility-policy\/#breadcrumb"},"inLanguage":"fr-CA","potentialAction":[{"@type":"ReadAction","target":["https:\/\/gsts.ca\/resources\/accessibility-policy\/"]}]},{"@type":"ImageObject","inLanguage":"fr-CA","@id":"https:\/\/gsts.ca\/resources\/accessibility-policy\/#primaryimage","url":"https:\/\/gsts.ca\/wp-content\/uploads\/2023\/03\/GSTS_Social-Logo.jpg","contentUrl":"https:\/\/gsts.ca\/wp-content\/uploads\/2023\/03\/GSTS_Social-Logo.jpg","width":256,"height":256},{"@type":"BreadcrumbList","@id":"https:\/\/gsts.ca\/resources\/accessibility-policy\/#breadcrumb","itemListElement":[{"@type":"ListItem","position":1,"name":"Home","item":"https:\/\/gsts.ca\/"},{"@type":"ListItem","position":2,"name":"Resources","item":"https:\/\/gsts.ca\/resources\/"},{"@type":"ListItem","position":3,"name":"Accessibility Policy"}]},{"@type":"WebSite","@id":"https:\/\/gsts.ca\/#website","url":"https:\/\/gsts.ca\/","name":"GSTS","description":"Naviguer demain d\u00e8s aujourd\u2019hui","publisher":{"@id":"https:\/\/gsts.ca\/#organization"},"potentialAction":[{"@type":"SearchAction","target":{"@type":"EntryPoint","urlTemplate":"https:\/\/gsts.ca\/?s={search_term_string}"},"query-input":{"@type":"PropertyValueSpecification","valueRequired":true,"valueName":"search_term_string"}}],"inLanguage":"fr-CA"},{"@type":"Organization","@id":"https:\/\/gsts.ca\/#organization","name":"GSTS","url":"https:\/\/gsts.ca\/","logo":{"@type":"ImageObject","inLanguage":"fr-CA","@id":"https:\/\/gsts.ca\/#\/schema\/logo\/image\/","url":"https:\/\/gsts.ca\/wp-content\/uploads\/2023\/01\/GSTS_tage_logo_RGB.jpg","contentUrl":"https:\/\/gsts.ca\/wp-content\/uploads\/2023\/01\/GSTS_tage_logo_RGB.jpg","width":1500,"height":900,"caption":"GSTS"},"image":{"@id":"https:\/\/gsts.ca\/#\/schema\/logo\/image\/"}}]}},"_links":{"self":[{"href":"https:\/\/gsts.ca\/fr\/wp-json\/wp\/v2\/pages\/642","targetHints":{"allow":["GET"]}}],"collection":[{"href":"https:\/\/gsts.ca\/fr\/wp-json\/wp\/v2\/pages"}],"about":[{"href":"https:\/\/gsts.ca\/fr\/wp-json\/wp\/v2\/types\/page"}],"author":[{"embeddable":true,"href":"https:\/\/gsts.ca\/fr\/wp-json\/wp\/v2\/users\/19"}],"replies":[{"embeddable":true,"href":"https:\/\/gsts.ca\/fr\/wp-json\/wp\/v2\/comments?post=642"}],"version-history":[{"count":0,"href":"https:\/\/gsts.ca\/fr\/wp-json\/wp\/v2\/pages\/642\/revisions"}],"up":[{"embeddable":true,"href":"https:\/\/gsts.ca\/fr\/wp-json\/wp\/v2\/pages\/238"}],"wp:featuredmedia":[{"embeddable":true,"href":"https:\/\/gsts.ca\/fr\/wp-json\/wp\/v2\/media\/661"}],"wp:attachment":[{"href":"https:\/\/gsts.ca\/fr\/wp-json\/wp\/v2\/media?parent=642"}],"curies":[{"name":"wp","href":"https:\/\/api.w.org\/{rel}","templated":true}]}}